{"id":3582,"date":"2023-03-31T20:56:19","date_gmt":"2023-03-31T19:56:19","guid":{"rendered":"https:\/\/www.turboai.net\/about-us\/"},"modified":"2023-03-31T21:16:49","modified_gmt":"2023-03-31T20:16:49","slug":"quienes-somos","status":"publish","type":"page","link":"https:\/\/www.turboai.net\/es\/quienes-somos\/","title":{"rendered":"Qui\u00e9nes somos"},"content":{"rendered":"\t\t<div data-elementor-type=\"wp-page\" data-elementor-id=\"3582\" class=\"elementor elementor-3582\">\n\t\t\t\t\t\t\t\t\t<section class=\"elementor-section elementor-top-section elementor-element elementor-element-c5ae916 elementor-section-stretched elementor-section-boxed elementor-section-height-default elementor-section-height-default\" data-id=\"c5ae916\" data-element_type=\"section\" data-settings=\"{&quot;stretch_section&quot;:&quot;section-stretched&quot;,&quot;background_background&quot;:&quot;classic&quot;}\">\n\t\t\t\t\t\t<div class=\"elementor-container elementor-column-gap-default\">\n\t\t\t\t\t<div class=\"elementor-column elementor-col-50 elementor-top-column elementor-element elementor-element-b32d2e9\" data-id=\"b32d2e9\" data-element_type=\"column\">\n\t\t\t<div class=\"elementor-widget-wrap elementor-element-populated\">\n\t\t\t\t\t\t\t\t<div class=\"elementor-element elementor-element-00e48ee elementor-widget elementor-widget-section_title\" data-id=\"00e48ee\" data-element_type=\"widget\" data-widget_type=\"section_title.default\">\n\t\t\t\t<div class=\"elementor-widget-container\">\n\t\t\t<div class=\" title-box\"><span>Wque es TurboAi<\/span><h2 class=\"title\">Qui\u00e9nes somos<\/h2><\/div>\t\t<\/div>\n\t\t\t\t<\/div>\n\t\t\t\t<div class=\"elementor-element elementor-element-32d030f elementor-widget elementor-widget-text-editor\" data-id=\"32d030f\" data-element_type=\"widget\" data-widget_type=\"text-editor.default\">\n\t\t\t\t<div class=\"elementor-widget-container\">\n\t\t\t<style>\/*! elementor - v3.12.0 - 29-03-2023 *\/\n.elementor-widget-text-editor.elementor-drop-cap-view-stacked .elementor-drop-cap{background-color:#69727d;color:#fff}.elementor-widget-text-editor.elementor-drop-cap-view-framed .elementor-drop-cap{color:#69727d;border:3px solid;background-color:transparent}.elementor-widget-text-editor:not(.elementor-drop-cap-view-default) .elementor-drop-cap{margin-top:8px}.elementor-widget-text-editor:not(.elementor-drop-cap-view-default) .elementor-drop-cap-letter{width:1em;height:1em}.elementor-widget-text-editor .elementor-drop-cap{float:left;text-align:center;line-height:1;font-size:50px}.elementor-widget-text-editor .elementor-drop-cap-letter{display:inline-block}<\/style>\t\t\t\t<p>TurboAI es uno de los principales l\u00edderes innovadores en inteligencia artificial (IA). El trabajo de la empresa se basa en el desarrollo y la aplicaci\u00f3n de soluciones de alta tecnolog\u00eda en el campo de la visi\u00f3n por ordenador y el aprendizaje autom\u00e1tico. Utiliza algoritmos y t\u00e9cnicas avanzadas para crear productos que mejoran la eficiencia y la seguridad en diversos sectores.<\/p><p>TurboAI se fund\u00f3 en 2017 con el objetivo global de cambiar el mundo que nos rodea. Se centra en el desarrollo de tecnolog\u00edas de vanguardia para predecir y resolver problemas complejos utilizando IA. Cabe destacar que la empresa cuenta con una amplia experiencia en aprendizaje autom\u00e1tico, visi\u00f3n por ordenador, redes neuronales y tecnolog\u00edas de aprendizaje profundo.<\/p><p>Uno de los principales productos de la empresa es un sistema de control de tr\u00e1fico basado en visi\u00f3n por ordenador. Permite la lectura autom\u00e1tica de matr\u00edculas, la identificaci\u00f3n del tipo de veh\u00edculo, el reconocimiento del color y la velocidad, etc. El sistema procesa la informaci\u00f3n con rapidez y precisi\u00f3n, lo que reduce significativamente el tiempo de reacci\u00f3n ante cualquier cambio que requiera atenci\u00f3n.<\/p><p>TurboAI tambi\u00e9n desarrolla tecnolog\u00eda para veh\u00edculos aut\u00f3nomos que puede reducir significativamente el n\u00famero de accidentes en carretera. Adem\u00e1s, la empresa desarrolla software para que los bancos analicen autom\u00e1ticamente los datos y realicen correcciones en los procesos.<\/p><p>En la actualidad, TurboAI trabaja con muchos socios de todo el mundo, incluidas empresas de automoci\u00f3n, universidades t\u00e9cnicas y organizaciones gubernamentales. La empresa sigue evolucionando y mejorando, atrayendo a nuevos talentos de diversos campos para crear las soluciones m\u00e1s eficientes y seguras del futuro.<\/p>\t\t\t\t\t\t<\/div>\n\t\t\t\t<\/div>\n\t\t\t\t\t<\/div>\n\t\t<\/div>\n\t\t\t\t<div class=\"elementor-column elementor-col-50 elementor-top-column elementor-element elementor-element-24fbdde\" data-id=\"24fbdde\" data-element_type=\"column\">\n\t\t\t<div class=\"elementor-widget-wrap elementor-element-populated\">\n\t\t\t\t\t\t\t\t<div class=\"elementor-element elementor-element-dd84897 elementor-widget elementor-widget-image\" data-id=\"dd84897\" data-element_type=\"widget\" data-settings=\"{&quot;sticky&quot;:&quot;top&quot;,&quot;sticky_offset&quot;:80,&quot;sticky_parent&quot;:&quot;yes&quot;,&quot;sticky_on&quot;:[&quot;desktop&quot;,&quot;tablet&quot;,&quot;mobile&quot;],&quot;sticky_effects_offset&quot;:0}\" data-widget_type=\"image.default\">\n\t\t\t\t<div class=\"elementor-widget-container\">\n\t\t\t<style>\/*! elementor - v3.12.0 - 29-03-2023 *\/\n.elementor-widget-image{text-align:center}.elementor-widget-image a{display:inline-block}.elementor-widget-image a img[src$=\".svg\"]{width:48px}.elementor-widget-image img{vertical-align:middle;display:inline-block}<\/style>\t\t\t\t\t\t\t\t\t\t\t\t<img decoding=\"async\" width=\"525\" height=\"570\" src=\"https:\/\/www.turboai.net\/wp-content\/uploads\/2020\/01\/faq-1-2.png\" class=\"attachment-large size-large wp-image-3150\" alt=\"\" loading=\"lazy\" srcset=\"https:\/\/www.turboai.net\/wp-content\/uploads\/2020\/01\/faq-1-2.png 635w, https:\/\/www.turboai.net\/wp-content\/uploads\/2020\/01\/faq-1-2-276x300.png 276w\" sizes=\"100vw\" \/>\t\t\t\t\t\t\t\t\t\t\t\t\t\t\t<\/div>\n\t\t\t\t<\/div>\n\t\t\t\t\t<\/div>\n\t\t<\/div>\n\t\t\t\t\t\t\t<\/div>\n\t\t<\/section>\n\t\t\t\t<section class=\"elementor-section elementor-top-section elementor-element elementor-element-1919c85 elementor-section-boxed elementor-section-height-default elementor-section-height-default\" data-id=\"1919c85\" data-element_type=\"section\">\n\t\t\t\t\t\t<div class=\"elementor-container elementor-column-gap-default\">\n\t\t\t\t\t<div class=\"elementor-column elementor-col-25 elementor-top-column elementor-element elementor-element-e46a4f4\" data-id=\"e46a4f4\" data-element_type=\"column\">\n\t\t\t<div class=\"elementor-widget-wrap elementor-element-populated\">\n\t\t\t\t\t\t\t\t<div class=\"elementor-element elementor-element-69c42b7 elementor-widget elementor-widget-talkie_counter\" data-id=\"69c42b7\" data-element_type=\"widget\" data-widget_type=\"talkie_counter.default\">\n\t\t\t\t<div class=\"elementor-widget-container\">\n\t\t\t\n\n<div class=\"iq-counter  \">\n\t<div class=\"iq-icon\" style=\"color:\">\n\t\t\t<\/div>\n\t<div class=\"counter-content\">\n\t\t<p class=\"iq-counter-info\">\n\t\t\t<span class=\"timer\" data-to=\"30\" data-speed=\"5000\">30<\/span><span class=\"icon\">%<\/span>\n\t\t<\/p>\n\t\t<h5>ofrece la oportunidad de ahorrar dinero<\/h5>\n\n\t<\/div>\n\n<\/div>\t\t<\/div>\n\t\t\t\t<\/div>\n\t\t\t\t\t<\/div>\n\t\t<\/div>\n\t\t\t\t<div class=\"elementor-column elementor-col-25 elementor-top-column elementor-element elementor-element-d84c775\" data-id=\"d84c775\" data-element_type=\"column\">\n\t\t\t<div class=\"elementor-widget-wrap elementor-element-populated\">\n\t\t\t\t\t\t\t\t<div class=\"elementor-element elementor-element-516b533 elementor-widget elementor-widget-talkie_counter\" data-id=\"516b533\" data-element_type=\"widget\" data-widget_type=\"talkie_counter.default\">\n\t\t\t\t<div class=\"elementor-widget-container\">\n\t\t\t\n\n<div class=\"iq-counter  \">\n\t<div class=\"iq-icon\" style=\"color:\">\n\t\t\t<\/div>\n\t<div class=\"counter-content\">\n\t\t<p class=\"iq-counter-info\">\n\t\t\t<span class=\"timer\" data-to=\"100000\" data-speed=\"5000\">100000<\/span><span class=\"icon\">+<\/span>\n\t\t<\/p>\n\t\t<h5>funciona con algo m\u00e1s que modelos de aprendizaje autom\u00e1tico<\/h5>\n\n\t<\/div>\n\n<\/div>\t\t<\/div>\n\t\t\t\t<\/div>\n\t\t\t\t\t<\/div>\n\t\t<\/div>\n\t\t\t\t<div class=\"elementor-column elementor-col-25 elementor-top-column elementor-element elementor-element-135f42e\" data-id=\"135f42e\" data-element_type=\"column\">\n\t\t\t<div class=\"elementor-widget-wrap elementor-element-populated\">\n\t\t\t\t\t\t\t\t<div class=\"elementor-element elementor-element-f2f8b9f elementor-widget elementor-widget-talkie_counter\" data-id=\"f2f8b9f\" data-element_type=\"widget\" data-widget_type=\"talkie_counter.default\">\n\t\t\t\t<div class=\"elementor-widget-container\">\n\t\t\t\n\n<div class=\"iq-counter  \">\n\t<div class=\"iq-icon\" style=\"color:\">\n\t\t\t<\/div>\n\t<div class=\"counter-content\">\n\t\t<p class=\"iq-counter-info\">\n\t\t\t<span class=\"timer\" data-to=\"10 \" data-speed=\"5000\">10 <\/span><span class=\"icon\">millones <\/span>\n\t\t<\/p>\n\t\t<h5>gestiona alrededor de solicitudes al d\u00eda<\/h5>\n\n\t<\/div>\n\n<\/div>\t\t<\/div>\n\t\t\t\t<\/div>\n\t\t\t\t\t<\/div>\n\t\t<\/div>\n\t\t\t\t<div class=\"elementor-column elementor-col-25 elementor-top-column elementor-element elementor-element-e6e64f6\" data-id=\"e6e64f6\" data-element_type=\"column\">\n\t\t\t<div class=\"elementor-widget-wrap elementor-element-populated\">\n\t\t\t\t\t\t\t\t<div class=\"elementor-element elementor-element-2bc2aaf elementor-widget elementor-widget-talkie_counter\" data-id=\"2bc2aaf\" data-element_type=\"widget\" data-widget_type=\"talkie_counter.default\">\n\t\t\t\t<div class=\"elementor-widget-container\">\n\t\t\t\n\n<div class=\"iq-counter  \">\n\t<div class=\"iq-icon\" style=\"color:\">\n\t\t\t<\/div>\n\t<div class=\"counter-content\">\n\t\t<p class=\"iq-counter-info\">\n\t\t\t<span class=\"timer\" data-to=\"35\" data-speed=\"5000\">35<\/span><span class=\"icon\">%<\/span>\n\t\t<\/p>\n\t\t<h5>ayuda a aumentar la eficacia de la publicidad en l\u00ednea<\/h5>\n\n\t<\/div>\n\n<\/div>\t\t<\/div>\n\t\t\t\t<\/div>\n\t\t\t\t\t<\/div>\n\t\t<\/div>\n\t\t\t\t\t\t\t<\/div>\n\t\t<\/section>\n\t\t\t\t<section class=\"elementor-section elementor-top-section elementor-element elementor-element-0d6c1d6 elementor-section-stretched elementor-section-boxed elementor-section-height-default elementor-section-height-default\" data-id=\"0d6c1d6\" data-element_type=\"section\" data-settings=\"{&quot;stretch_section&quot;:&quot;section-stretched&quot;,&quot;background_background&quot;:&quot;classic&quot;}\">\n\t\t\t\t\t\t<div class=\"elementor-container elementor-column-gap-default\">\n\t\t\t\t\t<div class=\"elementor-column elementor-col-100 elementor-top-column elementor-element elementor-element-82811a4\" data-id=\"82811a4\" data-element_type=\"column\">\n\t\t\t<div class=\"elementor-widget-wrap elementor-element-populated\">\n\t\t\t\t\t\t\t\t<div class=\"elementor-element elementor-element-bea3362 elementor-widget elementor-widget-Client\" data-id=\"bea3362\" data-element_type=\"widget\" data-widget_type=\"Client.default\">\n\t\t\t\t<div class=\"elementor-widget-container\">\n\t\t\t<div class=\"iq-client \">\n\n\t\n\t\t<div class=\"owl-carousel\" data-dots=\"true\" data-nav=\"true\" data-items=\"3\" data-items-laptop=\"3\" data-items-tab=\"2\" data-items-mobile=\"1\" data-items-mobile-sm=\"1\" data-autoplay=\"true\" data-loop=\"true\" data-margin=\"\">\n\t\t\t\t\t\t\t\t<div class=\"item\">\n\t\t\t\t\t\t<div class=\"iq-client-img\">\n\t\t\t\t\t\t\t<img decoding=\"async\" src=\"https:\/\/www.turboai.net\/wp-content\/uploads\/2019\/10\/c6-2.png\" alt=\"talkie-image\"\/>\t\t\t\t\t\t<\/div>\n\t\t\t\t\t<\/div> \t\t\t\t\t<div class=\"item\">\n\t\t\t\t\t\t<div class=\"iq-client-img\">\n\t\t\t\t\t\t\t<img decoding=\"async\" src=\"https:\/\/www.turboai.net\/wp-content\/uploads\/2019\/10\/c4-1-2.png\" alt=\"talkie-image\"\/>\t\t\t\t\t\t<\/div>\n\t\t\t\t\t<\/div> \t\t\t\t\t<div class=\"item\">\n\t\t\t\t\t\t<div class=\"iq-client-img\">\n\t\t\t\t\t\t\t<img decoding=\"async\" src=\"https:\/\/www.turboai.net\/wp-content\/uploads\/2019\/10\/c5-1-2.png\" alt=\"talkie-image\"\/>\t\t\t\t\t\t<\/div>\n\t\t\t\t\t<\/div> \t\t\t\t\t<div class=\"item\">\n\t\t\t\t\t\t<div class=\"iq-client-img\">\n\t\t\t\t\t\t\t<img decoding=\"async\" src=\"https:\/\/www.turboai.net\/wp-content\/uploads\/2019\/10\/c3-1-2.png\" alt=\"talkie-image\"\/>\t\t\t\t\t\t<\/div>\n\t\t\t\t\t<\/div> \t\t\t\t\t<div class=\"item\">\n\t\t\t\t\t\t<div class=\"iq-client-img\">\n\t\t\t\t\t\t\t<img decoding=\"async\" src=\"https:\/\/www.turboai.net\/wp-content\/uploads\/2019\/10\/c2-1-2.png\" alt=\"talkie-image\"\/>\t\t\t\t\t\t<\/div>\n\t\t\t\t\t<\/div> \t\t\t\t\t<div class=\"item\">\n\t\t\t\t\t\t<div class=\"iq-client-img\">\n\t\t\t\t\t\t\t<img decoding=\"async\" src=\"https:\/\/www.turboai.net\/wp-content\/uploads\/2019\/10\/c1-1-2.png\" alt=\"talkie-image\"\/>\t\t\t\t\t\t<\/div>\n\t\t\t\t\t<\/div> \t\t<\/div>\n\t<\/div>\t\t<\/div>\n\t\t\t\t<\/div>\n\t\t\t\t\t<\/div>\n\t\t<\/div>\n\t\t\t\t\t\t\t<\/div>\n\t\t<\/section>\n\t\t\t\t<section class=\"elementor-section elementor-top-section elementor-element elementor-element-380806a elementor-section-stretched elementor-section-boxed elementor-section-height-default elementor-section-height-default\" data-id=\"380806a\" data-element_type=\"section\" data-settings=\"{&quot;stretch_section&quot;:&quot;section-stretched&quot;,&quot;background_background&quot;:&quot;classic&quot;}\">\n\t\t\t\t\t\t<div class=\"elementor-container elementor-column-gap-default\">\n\t\t\t\t\t<div class=\"elementor-column elementor-col-100 elementor-top-column elementor-element elementor-element-057c9c7\" data-id=\"057c9c7\" data-element_type=\"column\">\n\t\t\t<div class=\"elementor-widget-wrap elementor-element-populated\">\n\t\t\t\t\t\t\t\t<div class=\"elementor-element elementor-element-c6c0618 elementor-widget elementor-widget-team\" data-id=\"c6c0618\" data-element_type=\"widget\" data-widget_type=\"team.default\">\n\t\t\t\t<div class=\"elementor-widget-container\">\n\t\t\t\n\t<div class=\"iq-team-slider\" id=\"iq-slider\">\n\t\t<div class=\"owl-carousel\" data-dots=\"true\" data-nav=\"true\" data-items=\"3\" data-items-laptop=\"2\" data-items-tab=\"1\" data-items-mobile=\"1\" data-items-mobile-sm=\"1\" data-autoplay=\"true\" data-loop=\"true\" data-margin=\"\">\n\n\t\t\t\t\t\t\t\t<div class=\"iq-team\">\n\t\t\t\t\t\t<div class=\"iq-team-img\">\n\t\t\t\t\t\t\t<img decoding=\"async\" src=\"https:\/\/www.turboai.net\/wp-content\/uploads\/2019\/10\/t1-2.jpg\" alt=\"team-member\" \/>\t\t\t\t\t\t<\/div>\n\t\t\t\t\t\t<div class=\"iq-team-info\">\n\t\t\t\t\t\t\t<div class=\"share\">\n\t\t\t\t\t\t\t\t<ul>\n\t\t\t\t\t\t\t\t\t\t\t\t\t\t\t\t\t\t\t\t\t\t\t\t\t\t\t\t\t\t\t\t\t\t\t\t\t\t\t\t\t\t\t\t\t\n\t\t\t\t\t\t\t\t<\/ul>\n\t\t\t\t\t\t\t<\/div>\n\t\t\t\t\t\t\t<h5>Apostle Paul<\/h5>\n\t\t\t\t\t\t\t<span class=\"team-post\">Ceo of TurboAi<\/span>\n\t\t\t\t\t\t<\/div>\n\t\t\t\t\t<\/div>\n\t\t\t\t\t\t\t\t<div class=\"iq-team\">\n\t\t\t\t\t\t<div class=\"iq-team-img\">\n\t\t\t\t\t\t\t<img decoding=\"async\" src=\"https:\/\/www.turboai.net\/wp-content\/uploads\/2019\/10\/t2-2.jpg\" alt=\"team-member\" \/>\t\t\t\t\t\t<\/div>\n\t\t\t\t\t\t<div class=\"iq-team-info\">\n\t\t\t\t\t\t\t<div class=\"share\">\n\t\t\t\t\t\t\t\t<ul>\n\t\t\t\t\t\t\t\t\t\t\t\t\t\t\t\t\t\t\t<li><a href=\"http:\/\/-\"><i class=\"fa fa-facebook\"><\/i><\/a><\/li>\n\t\t\t\t\t\t\t\t\t\t\t\t\t\t\t\t\t\t\t\t\t\t\t\t\t\t\t\t\t\t\t\t\t\t\t\t\t\t\t\t\t\t\t\t\t\n\t\t\t\t\t\t\t\t<\/ul>\n\t\t\t\t\t\t\t<\/div>\n\t\t\t\t\t\t\t<h5>Sara Bellum<\/h5>\n\t\t\t\t\t\t\t<span class=\"team-post\">Developer Of TurboAi<\/span>\n\t\t\t\t\t\t<\/div>\n\t\t\t\t\t<\/div>\n\t\t\t\t\t\t\t\t<div class=\"iq-team\">\n\t\t\t\t\t\t<div class=\"iq-team-img\">\n\t\t\t\t\t\t\t<img decoding=\"async\" src=\"https:\/\/www.turboai.net\/wp-content\/uploads\/2019\/10\/t3-2.jpg\" alt=\"team-member\" \/>\t\t\t\t\t\t<\/div>\n\t\t\t\t\t\t<div class=\"iq-team-info\">\n\t\t\t\t\t\t\t<div class=\"share\">\n\t\t\t\t\t\t\t\t<ul>\n\t\t\t\t\t\t\t\t\t\t\t\t\t\t\t\t\t\t\t\t\t\t\t\t\t\t\t\t\t\t\t\t\t\t\t\t\t\t\t\t\t\t\t\t\t\n\t\t\t\t\t\t\t\t<\/ul>\n\t\t\t\t\t\t\t<\/div>\n\t\t\t\t\t\t\t<h5>Mick Donalds<\/h5>\n\t\t\t\t\t\t\t<span class=\"team-post\">CEO Of TurboAi<\/span>\n\t\t\t\t\t\t<\/div>\n\t\t\t\t\t<\/div>\n\t\t\t\t\t\t\t\t<div class=\"iq-team\">\n\t\t\t\t\t\t<div class=\"iq-team-img\">\n\t\t\t\t\t\t\t<img decoding=\"async\" src=\"https:\/\/www.turboai.net\/wp-content\/uploads\/2019\/10\/team-2.png\" alt=\"team-member\" \/>\t\t\t\t\t\t<\/div>\n\t\t\t\t\t\t<div class=\"iq-team-info\">\n\t\t\t\t\t\t\t<div class=\"share\">\n\t\t\t\t\t\t\t\t<ul>\n\t\t\t\t\t\t\t\t\t\t\t\t\t\t\t\t\t\t\t\t\t\t\t\t\t\t\t\t\t\t\t\t\t\t\t\t\t\t\t\t\t\t\t\t\t\n\t\t\t\t\t\t\t\t<\/ul>\n\t\t\t\t\t\t\t<\/div>\n\t\t\t\t\t\t\t<h5>Danielle Wyatt<\/h5>\n\t\t\t\t\t\t\t<span class=\"team-post\">Designer Of TurboAi<\/span>\n\t\t\t\t\t\t<\/div>\n\t\t\t\t\t<\/div>\n\t\t\t\n\t\t<\/div>\n\t<\/div>\n\n\n\n\t\t<\/div>\n\t\t\t\t<\/div>\n\t\t\t\t\t<\/div>\n\t\t<\/div>\n\t\t\t\t\t\t\t<\/div>\n\t\t<\/section>\n\t\t\t\t\t\t\t<\/div>\n\t\t","protected":false},"excerpt":{"rendered":"<p>Wque es TurboAi Qui\u00e9nes somos TurboAI es uno de los principales l\u00edderes innovadores en inteligencia artificial (IA). El trabajo de la empresa se basa en el desarrollo y la aplicaci\u00f3n de soluciones de alta tecnolog\u00eda en el campo de la visi\u00f3n por ordenador y el aprendizaje autom\u00e1tico. Utiliza algoritmos y t\u00e9cnicas avanzadas para crear productos [&hellip;]<\/p>\n","protected":false},"author":2,"featured_media":0,"parent":0,"menu_order":0,"comment_status":"closed","ping_status":"closed","template":"","meta":[],"yoast_head":"<!-- This site is optimized with the Yoast SEO Premium plugin v19.3 (Yoast SEO v19.7) - https:\/\/yoast.com\/wordpress\/plugins\/seo\/ -->\n<title>Qui\u00e9nes somos - TurboAI<\/title>\n<meta name=\"robots\" content=\"index, follow, max-snippet:-1, max-image-preview:large, max-video-preview:-1\" \/>\n<link rel=\"canonical\" href=\"https:\/\/www.turboai.net\/es\/quienes-somos\/\" \/>\n<meta property=\"og:locale\" content=\"es_ES\" \/>\n<meta property=\"og:type\" content=\"article\" \/>\n<meta property=\"og:title\" content=\"Qui\u00e9nes somos\" \/>\n<meta property=\"og:description\" content=\"Wque es TurboAi Qui\u00e9nes somos TurboAI es uno de los principales l\u00edderes innovadores en inteligencia artificial (IA). El trabajo de la empresa se basa en el desarrollo y la aplicaci\u00f3n de soluciones de alta tecnolog\u00eda en el campo de la visi\u00f3n por ordenador y el aprendizaje autom\u00e1tico. Utiliza algoritmos y t\u00e9cnicas avanzadas para crear productos [&hellip;]\" \/>\n<meta property=\"og:url\" content=\"https:\/\/www.turboai.net\/es\/quienes-somos\/\" \/>\n<meta property=\"og:site_name\" content=\"TurboAI\" \/>\n<meta property=\"article:modified_time\" content=\"2023-03-31T20:16:49+00:00\" \/>\n<meta property=\"og:image\" content=\"https:\/\/www.turboai.net\/wp-content\/uploads\/2020\/01\/faq-1-2.png\" \/>\n<meta name=\"twitter:card\" content=\"summary_large_image\" \/>\n<meta name=\"twitter:label1\" content=\"Tiempo de lectura\" \/>\n\t<meta name=\"twitter:data1\" content=\"2 minutos\" \/>\n<script type=\"application\/ld+json\" class=\"yoast-schema-graph\">{\"@context\":\"https:\/\/schema.org\",\"@graph\":[{\"@type\":\"WebPage\",\"@id\":\"https:\/\/www.turboai.net\/es\/quienes-somos\/\",\"url\":\"https:\/\/www.turboai.net\/es\/quienes-somos\/\",\"name\":\"Qui\u00e9nes somos - TurboAI\",\"isPartOf\":{\"@id\":\"https:\/\/www.turboai.net\/es\/#website\"},\"datePublished\":\"2023-03-31T19:56:19+00:00\",\"dateModified\":\"2023-03-31T20:16:49+00:00\",\"breadcrumb\":{\"@id\":\"https:\/\/www.turboai.net\/es\/quienes-somos\/#breadcrumb\"},\"inLanguage\":\"es\",\"potentialAction\":[{\"@type\":\"ReadAction\",\"target\":[\"https:\/\/www.turboai.net\/es\/quienes-somos\/\"]}]},{\"@type\":\"BreadcrumbList\",\"@id\":\"https:\/\/www.turboai.net\/es\/quienes-somos\/#breadcrumb\",\"itemListElement\":[{\"@type\":\"ListItem\",\"position\":1,\"name\":\"Home\",\"item\":\"https:\/\/www.turboai.net\/es\/\"},{\"@type\":\"ListItem\",\"position\":2,\"name\":\"Qui\u00e9nes somos\"}]},{\"@type\":\"WebSite\",\"@id\":\"https:\/\/www.turboai.net\/es\/#website\",\"url\":\"https:\/\/www.turboai.net\/es\/\",\"name\":\"TurboAI\",\"description\":\"Artificial Intelligence Chatbots\",\"publisher\":{\"@id\":\"https:\/\/www.turboai.net\/es\/#organization\"},\"potentialAction\":[{\"@type\":\"SearchAction\",\"target\":{\"@type\":\"EntryPoint\",\"urlTemplate\":\"https:\/\/www.turboai.net\/es\/?s={search_term_string}\"},\"query-input\":\"required name=search_term_string\"}],\"inLanguage\":\"es\"},{\"@type\":\"Organization\",\"@id\":\"https:\/\/www.turboai.net\/es\/#organization\",\"name\":\"TurboAI | Artificial Intelligence Chatbots\",\"url\":\"https:\/\/www.turboai.net\/es\/\",\"sameAs\":[],\"logo\":{\"@type\":\"ImageObject\",\"inLanguage\":\"es\",\"@id\":\"https:\/\/www.turboai.net\/es\/#\/schema\/logo\/image\/\",\"url\":\"https:\/\/www.turboai.net\/wp-content\/uploads\/2023\/03\/photo_2023-03-28_00-55-05.jpg\",\"contentUrl\":\"https:\/\/www.turboai.net\/wp-content\/uploads\/2023\/03\/photo_2023-03-28_00-55-05.jpg\",\"width\":1000,\"height\":1000,\"caption\":\"TurboAI | Artificial Intelligence Chatbots\"},\"image\":{\"@id\":\"https:\/\/www.turboai.net\/es\/#\/schema\/logo\/image\/\"}}]}<\/script>\n<!-- \/ Yoast SEO Premium plugin. -->","yoast_head_json":{"title":"Qui\u00e9nes somos - TurboAI","robots":{"index":"index","follow":"follow","max-snippet":"max-snippet:-1","max-image-preview":"max-image-preview:large","max-video-preview":"max-video-preview:-1"},"canonical":"https:\/\/www.turboai.net\/es\/quienes-somos\/","og_locale":"es_ES","og_type":"article","og_title":"Qui\u00e9nes somos","og_description":"Wque es TurboAi Qui\u00e9nes somos TurboAI es uno de los principales l\u00edderes innovadores en inteligencia artificial (IA). El trabajo de la empresa se basa en el desarrollo y la aplicaci\u00f3n de soluciones de alta tecnolog\u00eda en el campo de la visi\u00f3n por ordenador y el aprendizaje autom\u00e1tico. Utiliza algoritmos y t\u00e9cnicas avanzadas para crear productos [&hellip;]","og_url":"https:\/\/www.turboai.net\/es\/quienes-somos\/","og_site_name":"TurboAI","article_modified_time":"2023-03-31T20:16:49+00:00","og_image":[{"url":"https:\/\/www.turboai.net\/wp-content\/uploads\/2020\/01\/faq-1-2.png"}],"twitter_card":"summary_large_image","twitter_misc":{"Tiempo de lectura":"2 minutos"},"schema":{"@context":"https:\/\/schema.org","@graph":[{"@type":"WebPage","@id":"https:\/\/www.turboai.net\/es\/quienes-somos\/","url":"https:\/\/www.turboai.net\/es\/quienes-somos\/","name":"Qui\u00e9nes somos - TurboAI","isPartOf":{"@id":"https:\/\/www.turboai.net\/es\/#website"},"datePublished":"2023-03-31T19:56:19+00:00","dateModified":"2023-03-31T20:16:49+00:00","breadcrumb":{"@id":"https:\/\/www.turboai.net\/es\/quienes-somos\/#breadcrumb"},"inLanguage":"es","potentialAction":[{"@type":"ReadAction","target":["https:\/\/www.turboai.net\/es\/quienes-somos\/"]}]},{"@type":"BreadcrumbList","@id":"https:\/\/www.turboai.net\/es\/quienes-somos\/#breadcrumb","itemListElement":[{"@type":"ListItem","position":1,"name":"Home","item":"https:\/\/www.turboai.net\/es\/"},{"@type":"ListItem","position":2,"name":"Qui\u00e9nes somos"}]},{"@type":"WebSite","@id":"https:\/\/www.turboai.net\/es\/#website","url":"https:\/\/www.turboai.net\/es\/","name":"TurboAI","description":"Artificial Intelligence Chatbots","publisher":{"@id":"https:\/\/www.turboai.net\/es\/#organization"},"potentialAction":[{"@type":"SearchAction","target":{"@type":"EntryPoint","urlTemplate":"https:\/\/www.turboai.net\/es\/?s={search_term_string}"},"query-input":"required name=search_term_string"}],"inLanguage":"es"},{"@type":"Organization","@id":"https:\/\/www.turboai.net\/es\/#organization","name":"TurboAI | Artificial Intelligence Chatbots","url":"https:\/\/www.turboai.net\/es\/","sameAs":[],"logo":{"@type":"ImageObject","inLanguage":"es","@id":"https:\/\/www.turboai.net\/es\/#\/schema\/logo\/image\/","url":"https:\/\/www.turboai.net\/wp-content\/uploads\/2023\/03\/photo_2023-03-28_00-55-05.jpg","contentUrl":"https:\/\/www.turboai.net\/wp-content\/uploads\/2023\/03\/photo_2023-03-28_00-55-05.jpg","width":1000,"height":1000,"caption":"TurboAI | Artificial Intelligence Chatbots"},"image":{"@id":"https:\/\/www.turboai.net\/es\/#\/schema\/logo\/image\/"}}]}},"_links":{"self":[{"href":"https:\/\/www.turboai.net\/es\/wp-json\/wp\/v2\/pages\/3582"}],"collection":[{"href":"https:\/\/www.turboai.net\/es\/wp-json\/wp\/v2\/pages"}],"about":[{"href":"https:\/\/www.turboai.net\/es\/wp-json\/wp\/v2\/types\/page"}],"author":[{"embeddable":true,"href":"https:\/\/www.turboai.net\/es\/wp-json\/wp\/v2\/users\/2"}],"replies":[{"embeddable":true,"href":"https:\/\/www.turboai.net\/es\/wp-json\/wp\/v2\/comments?post=3582"}],"version-history":[{"count":5,"href":"https:\/\/www.turboai.net\/es\/wp-json\/wp\/v2\/pages\/3582\/revisions"}],"predecessor-version":[{"id":3588,"href":"https:\/\/www.turboai.net\/es\/wp-json\/wp\/v2\/pages\/3582\/revisions\/3588"}],"wp:attachment":[{"href":"https:\/\/www.turboai.net\/es\/wp-json\/wp\/v2\/media?parent=3582"}],"curies":[{"name":"wp","href":"https:\/\/api.w.org\/{rel}","templated":true}]}}