{"id":3626,"date":"2023-04-03T08:40:25","date_gmt":"2023-04-03T07:40:25","guid":{"rendered":"https:\/\/www.turboai.net\/refund-policy\/"},"modified":"2023-04-03T08:50:29","modified_gmt":"2023-04-03T07:50:29","slug":"politica-de-reembolso","status":"publish","type":"page","link":"https:\/\/www.turboai.net\/es\/politica-de-reembolso\/","title":{"rendered":"Pol\u00edtica de reembolso"},"content":{"rendered":"\t\t<div data-elementor-type=\"wp-page\" data-elementor-id=\"3626\" class=\"elementor elementor-3626\">\n\t\t\t\t\t\t\t\t\t<section class=\"elementor-section elementor-top-section elementor-element elementor-element-d232d01 elementor-section-boxed elementor-section-height-default elementor-section-height-default\" data-id=\"d232d01\" data-element_type=\"section\">\n\t\t\t\t\t\t<div class=\"elementor-container elementor-column-gap-default\">\n\t\t\t\t\t<div class=\"elementor-column elementor-col-100 elementor-top-column elementor-element elementor-element-b06e374\" data-id=\"b06e374\" data-element_type=\"column\">\n\t\t\t<div class=\"elementor-widget-wrap elementor-element-populated\">\n\t\t\t\t\t\t\t\t<div class=\"elementor-element elementor-element-879dd2f elementor-widget elementor-widget-text-editor\" data-id=\"879dd2f\" data-element_type=\"widget\" data-widget_type=\"text-editor.default\">\n\t\t\t\t<div class=\"elementor-widget-container\">\n\t\t\t<style>\/*! elementor - v3.12.0 - 29-03-2023 *\/\n.elementor-widget-text-editor.elementor-drop-cap-view-stacked .elementor-drop-cap{background-color:#69727d;color:#fff}.elementor-widget-text-editor.elementor-drop-cap-view-framed .elementor-drop-cap{color:#69727d;border:3px solid;background-color:transparent}.elementor-widget-text-editor:not(.elementor-drop-cap-view-default) .elementor-drop-cap{margin-top:8px}.elementor-widget-text-editor:not(.elementor-drop-cap-view-default) .elementor-drop-cap-letter{width:1em;height:1em}.elementor-widget-text-editor .elementor-drop-cap{float:left;text-align:center;line-height:1;font-size:50px}.elementor-widget-text-editor .elementor-drop-cap-letter{display:inline-block}<\/style>\t\t\t\t<p>Tenemos una pol\u00edtica de devoluci\u00f3n de 30 d\u00edas, lo que significa que tiene 30 d\u00edas despu\u00e9s de recibir su art\u00edculo para solicitar una devoluci\u00f3n.<br \/>Para poder solicitar una devoluci\u00f3n, el art\u00edculo debe estar en las mismas condiciones en las que lo recibiste, sin usar, con las etiquetas y en su embalaje original. Tambi\u00e9n necesitar\u00e1 el recibo o la prueba de compra.<\/p><p>Para iniciar una devoluci\u00f3n, puede ponerse en contacto con nosotros en info@turboai.net. Tenga en cuenta que las devoluciones deber\u00e1n enviarse a la siguiente direcci\u00f3n: AD, 31950, Estados Unidos<br \/>Si su devoluci\u00f3n es aceptada, le enviaremos una etiqueta de devoluci\u00f3n, as\u00ed como instrucciones sobre c\u00f3mo y d\u00f3nde enviar su paquete. No se aceptar\u00e1n los art\u00edculos que se nos env\u00eden sin haber solicitado previamente la devoluci\u00f3n. Tenga en cuenta que si su pa\u00eds de residencia no es Rusia, el env\u00edo de sus art\u00edculos puede tardar m\u00e1s de lo esperado.<br \/>Siempre puede ponerse en contacto con nosotros para cualquier consulta sobre devoluciones en info@turboai.net.<\/p><h2>Da\u00f1os y problemas<\/h2><p>Por favor, inspeccione su pedido en cuanto lo reciba y p\u00f3ngase en contacto con nosotros inmediatamente si el art\u00edculo est\u00e1 defectuoso, da\u00f1ado o si recibe un art\u00edculo equivocado, para que podamos evaluar el problema y solucionarlo.<br \/>Ciertos tipos de art\u00edculos no pueden devolverse, como los productos perecederos (como alimentos, flores o plantas), los productos a medida (como pedidos especiales o art\u00edculos personalizados) y los art\u00edculos de cuidado personal (como productos de belleza). Tampoco aceptamos devoluciones de materiales peligrosos, l\u00edquidos inflamables o gases. P\u00f3ngase en contacto con nosotros si tiene alguna pregunta o duda sobre un art\u00edculo concreto.<br \/>Lamentablemente, no podemos aceptar devoluciones de art\u00edculos en oferta o tarjetas regalo.<\/p><h2>Cambios<\/h2><p>La forma m\u00e1s r\u00e1pida de asegurarse de que recibe lo que desea es devolver el art\u00edculo que tiene y, una vez aceptada la devoluci\u00f3n, realizar una compra por separado del nuevo art\u00edculo.<br \/>Periodo de reflexi\u00f3n de 3 d\u00edas en la Uni\u00f3n Europea No obstante lo anterior, si la mercanc\u00eda se env\u00eda a la Uni\u00f3n Europea, tienes derecho a cancelar o devolver tu pedido en un plazo de 3 d\u00edas por cualquier motivo y sin justificaci\u00f3n. Al igual que en el caso anterior, el art\u00edculo debe estar en las mismas condiciones en que lo recibi\u00f3, sin usar, con las etiquetas y en su embalaje original. Tambi\u00e9n necesitar\u00e1s el recibo o justificante de compra.<\/p><h2>Reembolsos<\/h2><p>Una vez que hayamos recibido e inspeccionado su devoluci\u00f3n, le notificaremos si el reembolso ha sido aprobado o no. Si se aprueba, se le reembolsar\u00e1 autom\u00e1ticamente en su m\u00e9todo de pago original en un plazo de 10 d\u00edas laborables. Recuerda que el banco o la entidad emisora de la tarjeta de cr\u00e9dito pueden tardar alg\u00fan tiempo en procesar y contabilizar el reembolso.<\/p><p>Si han pasado m\u00e1s de 15 d\u00edas laborables desde que aprobamos tu devoluci\u00f3n, ponte en contacto con nosotros en info@turboai.net.<\/p>\t\t\t\t\t\t<\/div>\n\t\t\t\t<\/div>\n\t\t\t\t\t<\/div>\n\t\t<\/div>\n\t\t\t\t\t\t\t<\/div>\n\t\t<\/section>\n\t\t\t\t\t\t\t<\/div>\n\t\t","protected":false},"excerpt":{"rendered":"<p>Tenemos una pol\u00edtica de devoluci\u00f3n de 30 d\u00edas, lo que significa que tiene 30 d\u00edas despu\u00e9s de recibir su art\u00edculo para solicitar una devoluci\u00f3n. Para poder solicitar una devoluci\u00f3n, el art\u00edculo debe estar en las mismas condiciones en las que lo recibiste, sin usar, con las etiquetas y en su embalaje original. Tambi\u00e9n necesitar\u00e1 el [&hellip;]<\/p>\n","protected":false},"author":2,"featured_media":0,"parent":0,"menu_order":0,"comment_status":"closed","ping_status":"closed","template":"","meta":[],"yoast_head":"<!-- This site is optimized with the Yoast SEO Premium plugin v19.3 (Yoast SEO v19.7) - https:\/\/yoast.com\/wordpress\/plugins\/seo\/ -->\n<title>Pol\u00edtica de reembolso - TurboAI<\/title>\n<meta name=\"robots\" content=\"index, follow, max-snippet:-1, max-image-preview:large, max-video-preview:-1\" \/>\n<link rel=\"canonical\" href=\"https:\/\/www.turboai.net\/es\/politica-de-reembolso\/\" \/>\n<meta property=\"og:locale\" content=\"es_ES\" \/>\n<meta property=\"og:type\" content=\"article\" \/>\n<meta property=\"og:title\" content=\"Pol\u00edtica de reembolso\" \/>\n<meta property=\"og:description\" content=\"Tenemos una pol\u00edtica de devoluci\u00f3n de 30 d\u00edas, lo que significa que tiene 30 d\u00edas despu\u00e9s de recibir su art\u00edculo para solicitar una devoluci\u00f3n. Para poder solicitar una devoluci\u00f3n, el art\u00edculo debe estar en las mismas condiciones en las que lo recibiste, sin usar, con las etiquetas y en su embalaje original. Tambi\u00e9n necesitar\u00e1 el [&hellip;]\" \/>\n<meta property=\"og:url\" content=\"https:\/\/www.turboai.net\/es\/politica-de-reembolso\/\" \/>\n<meta property=\"og:site_name\" content=\"TurboAI\" \/>\n<meta property=\"article:modified_time\" content=\"2023-04-03T07:50:29+00:00\" \/>\n<meta property=\"og:image\" content=\"https:\/\/www.turboai.net\/wp-content\/uploads\/2023\/03\/photo_2023-03-28_00-55-05.jpg\" \/>\n\t<meta property=\"og:image:width\" content=\"1000\" \/>\n\t<meta property=\"og:image:height\" content=\"1000\" \/>\n\t<meta property=\"og:image:type\" content=\"image\/jpeg\" \/>\n<meta name=\"twitter:card\" content=\"summary_large_image\" \/>\n<meta name=\"twitter:label1\" content=\"Tiempo de lectura\" \/>\n\t<meta name=\"twitter:data1\" content=\"3 minutos\" \/>\n<script type=\"application\/ld+json\" class=\"yoast-schema-graph\">{\"@context\":\"https:\/\/schema.org\",\"@graph\":[{\"@type\":\"WebPage\",\"@id\":\"https:\/\/www.turboai.net\/es\/politica-de-reembolso\/\",\"url\":\"https:\/\/www.turboai.net\/es\/politica-de-reembolso\/\",\"name\":\"Pol\u00edtica de reembolso - TurboAI\",\"isPartOf\":{\"@id\":\"https:\/\/www.turboai.net\/es\/#website\"},\"datePublished\":\"2023-04-03T07:40:25+00:00\",\"dateModified\":\"2023-04-03T07:50:29+00:00\",\"breadcrumb\":{\"@id\":\"https:\/\/www.turboai.net\/es\/politica-de-reembolso\/#breadcrumb\"},\"inLanguage\":\"es\",\"potentialAction\":[{\"@type\":\"ReadAction\",\"target\":[\"https:\/\/www.turboai.net\/es\/politica-de-reembolso\/\"]}]},{\"@type\":\"BreadcrumbList\",\"@id\":\"https:\/\/www.turboai.net\/es\/politica-de-reembolso\/#breadcrumb\",\"itemListElement\":[{\"@type\":\"ListItem\",\"position\":1,\"name\":\"Home\",\"item\":\"https:\/\/www.turboai.net\/es\/\"},{\"@type\":\"ListItem\",\"position\":2,\"name\":\"Pol\u00edtica de reembolso\"}]},{\"@type\":\"WebSite\",\"@id\":\"https:\/\/www.turboai.net\/es\/#website\",\"url\":\"https:\/\/www.turboai.net\/es\/\",\"name\":\"TurboAI\",\"description\":\"Artificial Intelligence Chatbots\",\"publisher\":{\"@id\":\"https:\/\/www.turboai.net\/es\/#organization\"},\"potentialAction\":[{\"@type\":\"SearchAction\",\"target\":{\"@type\":\"EntryPoint\",\"urlTemplate\":\"https:\/\/www.turboai.net\/es\/?s={search_term_string}\"},\"query-input\":\"required name=search_term_string\"}],\"inLanguage\":\"es\"},{\"@type\":\"Organization\",\"@id\":\"https:\/\/www.turboai.net\/es\/#organization\",\"name\":\"TurboAI | Artificial Intelligence Chatbots\",\"url\":\"https:\/\/www.turboai.net\/es\/\",\"sameAs\":[],\"logo\":{\"@type\":\"ImageObject\",\"inLanguage\":\"es\",\"@id\":\"https:\/\/www.turboai.net\/es\/#\/schema\/logo\/image\/\",\"url\":\"https:\/\/www.turboai.net\/wp-content\/uploads\/2023\/03\/photo_2023-03-28_00-55-05.jpg\",\"contentUrl\":\"https:\/\/www.turboai.net\/wp-content\/uploads\/2023\/03\/photo_2023-03-28_00-55-05.jpg\",\"width\":1000,\"height\":1000,\"caption\":\"TurboAI | Artificial Intelligence Chatbots\"},\"image\":{\"@id\":\"https:\/\/www.turboai.net\/es\/#\/schema\/logo\/image\/\"}}]}<\/script>\n<!-- \/ Yoast SEO Premium plugin. -->","yoast_head_json":{"title":"Pol\u00edtica de reembolso - TurboAI","robots":{"index":"index","follow":"follow","max-snippet":"max-snippet:-1","max-image-preview":"max-image-preview:large","max-video-preview":"max-video-preview:-1"},"canonical":"https:\/\/www.turboai.net\/es\/politica-de-reembolso\/","og_locale":"es_ES","og_type":"article","og_title":"Pol\u00edtica de reembolso","og_description":"Tenemos una pol\u00edtica de devoluci\u00f3n de 30 d\u00edas, lo que significa que tiene 30 d\u00edas despu\u00e9s de recibir su art\u00edculo para solicitar una devoluci\u00f3n. Para poder solicitar una devoluci\u00f3n, el art\u00edculo debe estar en las mismas condiciones en las que lo recibiste, sin usar, con las etiquetas y en su embalaje original. Tambi\u00e9n necesitar\u00e1 el [&hellip;]","og_url":"https:\/\/www.turboai.net\/es\/politica-de-reembolso\/","og_site_name":"TurboAI","article_modified_time":"2023-04-03T07:50:29+00:00","og_image":[{"width":1000,"height":1000,"url":"https:\/\/www.turboai.net\/wp-content\/uploads\/2023\/03\/photo_2023-03-28_00-55-05.jpg","type":"image\/jpeg"}],"twitter_card":"summary_large_image","twitter_misc":{"Tiempo de lectura":"3 minutos"},"schema":{"@context":"https:\/\/schema.org","@graph":[{"@type":"WebPage","@id":"https:\/\/www.turboai.net\/es\/politica-de-reembolso\/","url":"https:\/\/www.turboai.net\/es\/politica-de-reembolso\/","name":"Pol\u00edtica de reembolso - TurboAI","isPartOf":{"@id":"https:\/\/www.turboai.net\/es\/#website"},"datePublished":"2023-04-03T07:40:25+00:00","dateModified":"2023-04-03T07:50:29+00:00","breadcrumb":{"@id":"https:\/\/www.turboai.net\/es\/politica-de-reembolso\/#breadcrumb"},"inLanguage":"es","potentialAction":[{"@type":"ReadAction","target":["https:\/\/www.turboai.net\/es\/politica-de-reembolso\/"]}]},{"@type":"BreadcrumbList","@id":"https:\/\/www.turboai.net\/es\/politica-de-reembolso\/#breadcrumb","itemListElement":[{"@type":"ListItem","position":1,"name":"Home","item":"https:\/\/www.turboai.net\/es\/"},{"@type":"ListItem","position":2,"name":"Pol\u00edtica de reembolso"}]},{"@type":"WebSite","@id":"https:\/\/www.turboai.net\/es\/#website","url":"https:\/\/www.turboai.net\/es\/","name":"TurboAI","description":"Artificial Intelligence Chatbots","publisher":{"@id":"https:\/\/www.turboai.net\/es\/#organization"},"potentialAction":[{"@type":"SearchAction","target":{"@type":"EntryPoint","urlTemplate":"https:\/\/www.turboai.net\/es\/?s={search_term_string}"},"query-input":"required name=search_term_string"}],"inLanguage":"es"},{"@type":"Organization","@id":"https:\/\/www.turboai.net\/es\/#organization","name":"TurboAI | Artificial Intelligence Chatbots","url":"https:\/\/www.turboai.net\/es\/","sameAs":[],"logo":{"@type":"ImageObject","inLanguage":"es","@id":"https:\/\/www.turboai.net\/es\/#\/schema\/logo\/image\/","url":"https:\/\/www.turboai.net\/wp-content\/uploads\/2023\/03\/photo_2023-03-28_00-55-05.jpg","contentUrl":"https:\/\/www.turboai.net\/wp-content\/uploads\/2023\/03\/photo_2023-03-28_00-55-05.jpg","width":1000,"height":1000,"caption":"TurboAI | Artificial Intelligence Chatbots"},"image":{"@id":"https:\/\/www.turboai.net\/es\/#\/schema\/logo\/image\/"}}]}},"_links":{"self":[{"href":"https:\/\/www.turboai.net\/es\/wp-json\/wp\/v2\/pages\/3626"}],"collection":[{"href":"https:\/\/www.turboai.net\/es\/wp-json\/wp\/v2\/pages"}],"about":[{"href":"https:\/\/www.turboai.net\/es\/wp-json\/wp\/v2\/types\/page"}],"author":[{"embeddable":true,"href":"https:\/\/www.turboai.net\/es\/wp-json\/wp\/v2\/users\/2"}],"replies":[{"embeddable":true,"href":"https:\/\/www.turboai.net\/es\/wp-json\/wp\/v2\/comments?post=3626"}],"version-history":[{"count":8,"href":"https:\/\/www.turboai.net\/es\/wp-json\/wp\/v2\/pages\/3626\/revisions"}],"predecessor-version":[{"id":3638,"href":"https:\/\/www.turboai.net\/es\/wp-json\/wp\/v2\/pages\/3626\/revisions\/3638"}],"wp:attachment":[{"href":"https:\/\/www.turboai.net\/es\/wp-json\/wp\/v2\/media?parent=3626"}],"curies":[{"name":"wp","href":"https:\/\/api.w.org\/{rel}","templated":true}]}}